{"id":5069,"date":"2024-05-21T22:01:53","date_gmt":"2024-05-21T22:01:53","guid":{"rendered":"https:\/\/muzejokusov.kshama.si\/?page_id=5069"},"modified":"2026-01-20T13:03:45","modified_gmt":"2026-01-20T12:03:45","slug":"o-projektu","status":"publish","type":"page","link":"https:\/\/museumoftaste.si\/en\/o-projektu\/","title":{"rendered":"About the Project"},"content":{"rendered":"<div data-elementor-type=\"wp-page\" data-elementor-id=\"5069\" class=\"elementor elementor-5069\" data-elementor-post-type=\"page\">\n\t\t\t\t\t\t<section class=\"elementor-section elementor-top-section elementor-element elementor-element-f0a7e2b elementor-section-full_width elementor-section-height-default elementor-section-height-default\" data-id=\"f0a7e2b\" data-element_type=\"section\" data-settings=\"{&quot;background_background&quot;:&quot;classic&quot;}\">\n\t\t\t\t\t\t<div class=\"elementor-container elementor-column-gap-default\">\n\t\t\t\t\t<div class=\"elementor-column elementor-col-100 elementor-top-column elementor-element elementor-element-286d14f\" data-id=\"286d14f\" data-element_type=\"column\">\n\t\t\t<div class=\"elementor-widget-wrap elementor-element-populated\">\n\t\t\t\t\t\t<div class=\"elementor-element elementor-element-264999c elementor-widget-mobile__width-initial elementor-widget elementor-widget-heading\" data-id=\"264999c\" data-element_type=\"widget\" data-widget_type=\"heading.default\">\n\t\t\t\t<div class=\"elementor-widget-container\">\n\t\t\t\t\t<h2 class=\"elementor-heading-title elementor-size-default\">About the Project<\/h2>\t\t\t\t<\/div>\n\t\t\t\t<\/div>\n\t\t\t\t<div class=\"elementor-element elementor-element-009959e elementor-widget__width-initial elementor-widget elementor-widget-text-editor\" data-id=\"009959e\" data-element_type=\"widget\" data-widget_type=\"text-editor.default\">\n\t\t\t\t<div class=\"elementor-widget-container\">\n\t\t\t\t\t\t\t\t\t<p>In the virtual Museum of Tastes, the Maribor Regional Museum presents the development, dimensions and importance of taste in shaping individual and social history with the help of exhibited photos of personal items and attached essays about them. By observing objects and perceiving the meanings for their owners, views on past periods are broadened and we are invited to think about what is really important in life.<\/p><p>Taste is the carrier of many precious memories, so the Museum of Taste encourages us to consider to what extent personal objects associate us with something sweet, bitter, sour, salty or spicy in our everyday life or in our past. Currently, six tastes are recognized: sweet, salty, sour, bitter, umami, and kokumi. For this project, we focused on the first four, opting to exclude the newer and less familiar tastes, umami and kokumi. Instead, we incorporated the sensation of spicy, which, while not classified as a taste in scientific terms, is a distinct sensory experience often perceived as a mild pain on the tongue.\u00a0<\/p>\t\t\t\t\t\t\t\t<\/div>\n\t\t\t\t<\/div>\n\t\t\t\t<div class=\"elementor-element elementor-element-3c65f84 elementor-widget elementor-widget-image\" data-id=\"3c65f84\" data-element_type=\"widget\" data-widget_type=\"image.default\">\n\t\t\t\t<div class=\"elementor-widget-container\">\n\t\t\t\t\t\t\t\t\t\t\t\t\t\t\t<img fetchpriority=\"high\" decoding=\"async\" width=\"999\" height=\"777\" src=\"https:\/\/museumoftaste.si\/wp-content\/uploads\/2024\/05\/Golden-Tongue.D03-1-1-1-e1716329633761.png\" class=\"attachment-full size-full wp-image-5083\" alt=\"\" srcset=\"https:\/\/museumoftaste.si\/wp-content\/uploads\/2024\/05\/Golden-Tongue.D03-1-1-1-e1716329633761.png 999w, https:\/\/museumoftaste.si\/wp-content\/uploads\/2024\/05\/Golden-Tongue.D03-1-1-1-e1716329633761-300x233.png 300w, https:\/\/museumoftaste.si\/wp-content\/uploads\/2024\/05\/Golden-Tongue.D03-1-1-1-e1716329633761-768x597.png 768w\" sizes=\"(max-width: 999px) 100vw, 999px\" \/>\t\t\t\t\t\t\t\t\t\t\t\t\t\t\t<\/div>\n\t\t\t\t<\/div>\n\t\t\t\t<div class=\"elementor-element elementor-element-58cf1e4 elementor-widget elementor-widget-heading\" data-id=\"58cf1e4\" data-element_type=\"widget\" data-widget_type=\"heading.default\">\n\t\t\t\t<div class=\"elementor-widget-container\">\n\t\t\t\t\t<h2 class=\"elementor-heading-title elementor-size-default\">About the taste<\/h2>\t\t\t\t<\/div>\n\t\t\t\t<\/div>\n\t\t\t\t<div class=\"elementor-element elementor-element-2e9a762 elementor-widget__width-initial elementor-widget elementor-widget-text-editor\" data-id=\"2e9a762\" data-element_type=\"widget\" data-widget_type=\"text-editor.default\">\n\t\t\t\t<div class=\"elementor-widget-container\">\n\t\t\t\t\t\t\t\t\t<p>Taste is a sensory function of the central nervous system, commonly perceived as the ability to perceive the characteristics of food. It is closely related to the smell, but also to the touch, texture and appearance of the dish. In a broader sense, taste also means a sense of aesthetics, of what is suitable and harmonious. It speaks of the ability to judge correctly and inspires us in a well-written story, love of music or a provocative work of art.<\/p>\t\t\t\t\t\t\t\t<\/div>\n\t\t\t\t<\/div>\n\t\t\t\t<div class=\"elementor-element elementor-element-7b494f9 elementor-widget elementor-widget-spacer\" data-id=\"7b494f9\" data-element_type=\"widget\" data-widget_type=\"spacer.default\">\n\t\t\t\t<div class=\"elementor-widget-container\">\n\t\t\t\t\t\t\t<div class=\"elementor-spacer\">\n\t\t\t<div class=\"elementor-spacer-inner\"><\/div>\n\t\t<\/div>\n\t\t\t\t\t\t<\/div>\n\t\t\t\t<\/div>\n\t\t\t\t<div class=\"elementor-element elementor-element-d599226 elementor-widget elementor-widget-heading\" data-id=\"d599226\" data-element_type=\"widget\" data-widget_type=\"heading.default\">\n\t\t\t\t<div class=\"elementor-widget-container\">\n\t\t\t\t\t<h2 class=\"elementor-heading-title elementor-size-default\">About objects<\/h2>\t\t\t\t<\/div>\n\t\t\t\t<\/div>\n\t\t\t\t<div class=\"elementor-element elementor-element-c9e5ec8 elementor-widget__width-initial elementor-widget elementor-widget-text-editor\" data-id=\"c9e5ec8\" data-element_type=\"widget\" data-widget_type=\"text-editor.default\">\n\t\t\t\t<div class=\"elementor-widget-container\">\n\t\t\t\t\t\t\t\t\t<p>Selected objects in the developing Museum of Taste project tell about the associative memories of past events evoked by personal objects. For example: the tea cup that grandma drank from is associated with a sweet taste, because it reminds us of pleasant moments with grandma, or because grandma always sweetened her tea too much and we also drank it like that in our childhood. So objects can associate us with taste either literally or metaphorically.<\/p>\t\t\t\t\t\t\t\t<\/div>\n\t\t\t\t<\/div>\n\t\t\t\t<div class=\"elementor-element elementor-element-f9e59f4 elementor-widget elementor-widget-spacer\" data-id=\"f9e59f4\" data-element_type=\"widget\" data-widget_type=\"spacer.default\">\n\t\t\t\t<div class=\"elementor-widget-container\">\n\t\t\t\t\t\t\t<div class=\"elementor-spacer\">\n\t\t\t<div class=\"elementor-spacer-inner\"><\/div>\n\t\t<\/div>\n\t\t\t\t\t\t<\/div>\n\t\t\t\t<\/div>\n\t\t\t\t\t<\/div>\n\t\t<\/div>\n\t\t\t\t\t<\/div>\n\t\t<\/section>\n\t\t\t\t<section class=\"elementor-section elementor-top-section elementor-element elementor-element-8f69fe6 elementor-section-boxed elementor-section-height-default elementor-section-height-default\" data-id=\"8f69fe6\" data-element_type=\"section\">\n\t\t\t\t\t\t<div class=\"elementor-container elementor-column-gap-default\">\n\t\t\t\t\t<div class=\"elementor-column elementor-col-50 elementor-top-column elementor-element elementor-element-d1a7753\" data-id=\"d1a7753\" data-element_type=\"column\">\n\t\t\t<div class=\"elementor-widget-wrap elementor-element-populated\">\n\t\t\t\t\t\t<div class=\"elementor-element elementor-element-380db97 elementor-widget elementor-widget-image\" data-id=\"380db97\" data-element_type=\"widget\" data-widget_type=\"image.default\">\n\t\t\t\t<div class=\"elementor-widget-container\">\n\t\t\t\t\t\t\t\t\t\t\t\t\t\t\t<img decoding=\"async\" width=\"542\" height=\"613\" src=\"https:\/\/museumoftaste.si\/wp-content\/uploads\/2024\/05\/mlincek_za_kavo-2-1.png\" class=\"attachment-full size-full wp-image-5078\" alt=\"\" srcset=\"https:\/\/museumoftaste.si\/wp-content\/uploads\/2024\/05\/mlincek_za_kavo-2-1.png 542w, https:\/\/museumoftaste.si\/wp-content\/uploads\/2024\/05\/mlincek_za_kavo-2-1-265x300.png 265w\" sizes=\"(max-width: 542px) 100vw, 542px\" \/>\t\t\t\t\t\t\t\t\t\t\t\t\t\t\t<\/div>\n\t\t\t\t<\/div>\n\t\t\t\t\t<\/div>\n\t\t<\/div>\n\t\t\t\t<div class=\"elementor-column elementor-col-50 elementor-top-column elementor-element elementor-element-438c87f\" data-id=\"438c87f\" data-element_type=\"column\">\n\t\t\t<div class=\"elementor-widget-wrap elementor-element-populated\">\n\t\t\t\t\t\t<div class=\"elementor-element elementor-element-90e75c1 elementor-widget elementor-widget-spacer\" data-id=\"90e75c1\" data-element_type=\"widget\" data-widget_type=\"spacer.default\">\n\t\t\t\t<div class=\"elementor-widget-container\">\n\t\t\t\t\t\t\t<div class=\"elementor-spacer\">\n\t\t\t<div class=\"elementor-spacer-inner\"><\/div>\n\t\t<\/div>\n\t\t\t\t\t\t<\/div>\n\t\t\t\t<\/div>\n\t\t\t\t<div class=\"elementor-element elementor-element-a9510ae elementor-widget elementor-widget-heading\" data-id=\"a9510ae\" data-element_type=\"widget\" data-widget_type=\"heading.default\">\n\t\t\t\t<div class=\"elementor-widget-container\">\n\t\t\t\t\t<h2 class=\"elementor-heading-title elementor-size-default\">HOW TO JOIN?<\/h2>\t\t\t\t<\/div>\n\t\t\t\t<\/div>\n\t\t\t\t<div class=\"elementor-element elementor-element-aacc616 elementor-widget elementor-widget-text-editor\" data-id=\"aacc616\" data-element_type=\"widget\" data-widget_type=\"text-editor.default\">\n\t\t\t\t<div class=\"elementor-widget-container\">\n\t\t\t\t\t\t\t\t\t<p><strong>We invite you to summon the muses to the Museum of Taste:<\/strong><\/p><ul><li>rethink the tastes in your life - at the table and away from it;<\/li><\/ul><ul><li>remember the moments you associate with a certain taste;<\/li><\/ul><ul><li>you choose a subject that has special meaning for you;<\/li><\/ul><ul><li>take a photo of this selected item;<\/li><\/ul><ul><li>write a short composition about the event associated with the object and about the sense of taste that this object awakens in you (1,500-3,000 characters);<\/li><\/ul><ul><li>fill out the attached questionnaire;<\/li><\/ul><ul><li>submit the filled-in questionnaire, composition and photos via the Upload item button below.<\/li><\/ul>\t\t\t\t\t\t\t\t<\/div>\n\t\t\t\t<\/div>\n\t\t\t\t<div class=\"elementor-element elementor-element-aa12954 elementor-widget elementor-widget-text-editor\" data-id=\"aa12954\" data-element_type=\"widget\" data-widget_type=\"text-editor.default\">\n\t\t\t\t<div class=\"elementor-widget-container\">\n\t\t\t\t\t\t\t\t\t<p><strong>After review by the museum curators, your contribution will be placed in the Museum of Taste.<\/strong><\/p>\t\t\t\t\t\t\t\t<\/div>\n\t\t\t\t<\/div>\n\t\t\t\t<div class=\"elementor-element elementor-element-b8c515a elementor-align-left elementor-widget-mobile__width-initial elementor-widget elementor-widget-button\" data-id=\"b8c515a\" data-element_type=\"widget\" data-widget_type=\"button.default\">\n\t\t\t\t<div class=\"elementor-widget-container\">\n\t\t\t\t\t\t\t\t\t<div class=\"elementor-button-wrapper\">\n\t\t\t\t\t<a class=\"elementor-button elementor-button-link elementor-size-sm elementor-animation-sink\" href=\"https:\/\/museumoftaste.si\/en\/nov-okus\/\">\n\t\t\t\t\t\t<span class=\"elementor-button-content-wrapper\">\n\t\t\t\t\t\t<span class=\"elementor-button-icon\">\n\t\t\t\t<svg xmlns=\"http:\/\/www.w3.org\/2000\/svg\" xmlns:xlink=\"http:\/\/www.w3.org\/1999\/xlink\" width=\"100\" viewbox=\"0 0 75 74.999997\" height=\"100\" preserveaspectratio=\"xMidYMid meet\"><defs><clippath id=\"ba08ca9594\"><path d=\"M 40 12 L 53 12 L 53 24 L 40 24 Z M 40 12 \" clip-rule=\"nonzero\"><\/path><\/clippath><clippath id=\"a2d277b32e\"><path d=\"M 43.5 12.390625 L 52.128906 21.347656 L 49.425781 23.949219 L 40.796875 14.992188 Z M 43.5 12.390625 \" clip-rule=\"nonzero\"><\/path><\/clippath><clippath id=\"4c57a5f7eb\"><path d=\"M 43.5 12.390625 L 52.125 21.34375 L 49.421875 23.945312 L 40.796875 14.992188 Z M 43.5 12.390625 \" clip-rule=\"nonzero\"><\/path><\/clippath><\/defs><path stroke-linecap=\"butt\" transform=\"matrix(3.88125, 0, 0, 3.88125, -39.037495, -40.124998)\" fill-opacity=\"1\" fill=\"#231815\" fill-rule=\"nonzero\" stroke-linejoin=\"miter\" d=\"M 22.999799 16.499598 C 22.900162 16.499598 22.69988 16.499598 22.600242 16.39996 L 19.999598 13.699678 L 17.39996 16.300323 C 17.199678 16.499598 16.899759 16.499598 16.700483 16.300323 C 16.500201 16.100041 16.500201 15.800121 16.700483 15.59984 L 19.699678 12.599638 C 19.89996 12.400363 20.19988 12.400363 20.400161 12.599638 L 23.400363 15.59984 C 23.599638 15.800121 23.599638 16.100041 23.400363 16.300323 C 23.299719 16.499598 23.100444 16.499598 22.999799 16.499598 Z M 22.999799 16.499598 \" stroke=\"#ffffff\" stroke-width=\"1.04\" stroke-opacity=\"1\" stroke-miterlimit=\"4\"><\/path><path stroke-linecap=\"butt\" transform=\"matrix(3.88125, 0, 0, 3.88125, -39.037495, -40.124998)\" fill-opacity=\"1\" fill=\"#231815\" fill-rule=\"nonzero\" stroke-linejoin=\"miter\" d=\"M 19.999598 21.9998 C 19.699678 21.9998 19.500403 21.799518 19.500403 21.499599 L 19.500403 13.500403 C 19.500403 13.200484 19.699678 13.000202 19.999598 13.000202 C 20.299517 13.000202 20.499799 13.200484 20.499799 13.500403 L 20.499799 21.499599 C 20.499799 21.799518 20.299517 21.9998 19.999598 21.9998 Z M 19.999598 21.9998 \" stroke=\"#ffffff\" stroke-width=\"1.04\" stroke-opacity=\"1\" stroke-miterlimit=\"4\"><\/path><path stroke-linecap=\"butt\" transform=\"matrix(3.88125, 0, 0, 3.88125, -39.037495, -40.124998)\" fill-opacity=\"1\" fill=\"#231815\" fill-rule=\"nonzero\" stroke-linejoin=\"miter\" d=\"M 24.999598 27.500002 L 14.999597 27.500002 C 13.599638 27.500002 12.499597 26.399961 12.499597 25.000001 L 12.499597 23.000203 C 12.499597 22.700283 12.699879 22.500001 12.999799 22.500001 C 13.299718 22.500001 13.5 22.700283 13.5 23.000203 L 13.5 25.000001 C 13.5 25.800122 14.200483 26.499599 14.999597 26.499599 L 24.999598 26.499599 C 25.799719 26.499599 26.500202 25.800122 26.500202 25.000001 L 26.500202 23.000203 C 26.500202 22.700283 26.700484 22.500001 27.000404 22.500001 C 27.300323 22.500001 27.499598 22.700283 27.499598 23.000203 L 27.499598 25.000001 C 27.499598 26.399961 26.399558 27.500002 24.999598 27.500002 Z M 24.999598 27.500002 \" stroke=\"#ffffff\" stroke-width=\"1.04\" stroke-opacity=\"1\" stroke-miterlimit=\"4\"><\/path><g clip-path=\"url(#ba08ca9594)\"><g clip-path=\"url(#a2d277b32e)\"><g clip-path=\"url(#4c57a5f7eb)\"><path fill=\"#ffffff\" d=\"M 43.5 12.390625 L 52.128906 21.347656 L 49.425781 23.949219 L 40.796875 14.992188 Z M 43.5 12.390625 \" fill-opacity=\"1\" fill-rule=\"nonzero\"><\/path><\/g><\/g><\/g><\/svg>\t\t\t<\/span>\n\t\t\t\t\t\t\t\t\t<span class=\"elementor-button-text\">Upload an object<\/span>\n\t\t\t\t\t<\/span>\n\t\t\t\t\t<\/a>\n\t\t\t\t<\/div>\n\t\t\t\t\t\t\t\t<\/div>\n\t\t\t\t<\/div>\n\t\t\t\t\t<\/div>\n\t\t<\/div>\n\t\t\t\t\t<\/div>\n\t\t<\/section>\n\t\t\t\t<\/div>","protected":false},"excerpt":{"rendered":"<p>About the project The Maribor Provincial Museum presents the development, dimensions and importance of taste in shaping individual and social history with the help of exhibited photos of personal objects and attached essays about them in the virtual Museum of Tastes. By observing objects and perceiving the meanings for their owners, views of past periods are broadened and we are invited to think about what [...]<\/p>","protected":false},"author":15,"featured_media":0,"parent":0,"menu_order":0,"comment_status":"closed","ping_status":"closed","template":"","meta":{"inline_featured_image":false,"footnotes":""},"class_list":["post-5069","page","type-page","status-publish","hentry"],"yoast_head":"<!-- This site is optimized with the Yoast SEO plugin v27.4 - https:\/\/yoast.com\/product\/yoast-seo-wordpress\/ -->\n<title>O projektu &#8211; Muzej okusov<\/title>\n<meta name=\"robots\" content=\"index, follow, max-snippet:-1, max-image-preview:large, max-video-preview:-1\" \/>\n<link rel=\"canonical\" href=\"https:\/\/museumoftaste.si\/en\/o-projektu\/\" \/>\n<meta property=\"og:locale\" content=\"en_US\" \/>\n<meta property=\"og:type\" content=\"article\" \/>\n<meta property=\"og:title\" content=\"O projektu &#8211; Muzej okusov\" \/>\n<meta property=\"og:description\" content=\"O projektu Pokrajinski muzej Maribor v virtualnem Muzeju okusov s pomo\u010djo razstavljenih fotografij osebnih predmetov in prilo\u017eenih sestavkov o njih predstavlja razvoj, razse\u017enosti in pomen okusa pri oblikovanju posameznikove in dru\u017ebene zgodovine. Z opazovanjem predmetov in dojemanjem pomenov za njihove lastnike se \u0161irijo pogledi na pretekla obdobja in nas vabijo k razmi\u0161ljanju o tem, kaj [&hellip;]\" \/>\n<meta property=\"og:url\" content=\"https:\/\/museumoftaste.si\/en\/o-projektu\/\" \/>\n<meta property=\"og:site_name\" content=\"Muzej okusov\" \/>\n<meta property=\"article:modified_time\" content=\"2026-01-20T12:03:45+00:00\" \/>\n<meta property=\"og:image\" content=\"https:\/\/museumoftaste.si\/wp-content\/uploads\/2024\/05\/Golden-Tongue.D03-1-1-1-e1716329633761.png\" \/>\n\t<meta property=\"og:image:width\" content=\"999\" \/>\n\t<meta property=\"og:image:height\" content=\"777\" \/>\n\t<meta property=\"og:image:type\" content=\"image\/png\" \/>\n<meta name=\"twitter:card\" content=\"summary_large_image\" \/>\n<meta name=\"twitter:label1\" content=\"Est. reading time\" \/>\n\t<meta name=\"twitter:data1\" content=\"3 minutes\" \/>\n<script type=\"application\/ld+json\" class=\"yoast-schema-graph\">{\"@context\":\"https:\\\/\\\/schema.org\",\"@graph\":[{\"@type\":\"WebPage\",\"@id\":\"https:\\\/\\\/museumoftaste.si\\\/o-projektu\\\/\",\"url\":\"https:\\\/\\\/museumoftaste.si\\\/o-projektu\\\/\",\"name\":\"O projektu &#8211; Muzej okusov\",\"isPartOf\":{\"@id\":\"https:\\\/\\\/museumoftaste.si\\\/#website\"},\"primaryImageOfPage\":{\"@id\":\"https:\\\/\\\/museumoftaste.si\\\/o-projektu\\\/#primaryimage\"},\"image\":{\"@id\":\"https:\\\/\\\/museumoftaste.si\\\/o-projektu\\\/#primaryimage\"},\"thumbnailUrl\":\"https:\\\/\\\/museumoftaste.si\\\/wp-content\\\/uploads\\\/2024\\\/05\\\/Golden-Tongue.D03-1-1-1-e1716329633761.png\",\"datePublished\":\"2024-05-21T22:01:53+00:00\",\"dateModified\":\"2026-01-20T12:03:45+00:00\",\"breadcrumb\":{\"@id\":\"https:\\\/\\\/museumoftaste.si\\\/o-projektu\\\/#breadcrumb\"},\"inLanguage\":\"en-US\",\"potentialAction\":[{\"@type\":\"ReadAction\",\"target\":[\"https:\\\/\\\/museumoftaste.si\\\/o-projektu\\\/\"]}]},{\"@type\":\"ImageObject\",\"inLanguage\":\"en-US\",\"@id\":\"https:\\\/\\\/museumoftaste.si\\\/o-projektu\\\/#primaryimage\",\"url\":\"https:\\\/\\\/museumoftaste.si\\\/wp-content\\\/uploads\\\/2024\\\/05\\\/Golden-Tongue.D03-1-1-1-e1716329633761.png\",\"contentUrl\":\"https:\\\/\\\/museumoftaste.si\\\/wp-content\\\/uploads\\\/2024\\\/05\\\/Golden-Tongue.D03-1-1-1-e1716329633761.png\"},{\"@type\":\"BreadcrumbList\",\"@id\":\"https:\\\/\\\/museumoftaste.si\\\/o-projektu\\\/#breadcrumb\",\"itemListElement\":[{\"@type\":\"ListItem\",\"position\":1,\"name\":\"Domov\",\"item\":\"https:\\\/\\\/museumoftaste.si\\\/\"},{\"@type\":\"ListItem\",\"position\":2,\"name\":\"O projektu\"}]},{\"@type\":\"WebSite\",\"@id\":\"https:\\\/\\\/museumoftaste.si\\\/#website\",\"url\":\"https:\\\/\\\/museumoftaste.si\\\/\",\"name\":\"Muzej okusov\",\"description\":\"\",\"publisher\":{\"@id\":\"https:\\\/\\\/museumoftaste.si\\\/#organization\"},\"potentialAction\":[{\"@type\":\"SearchAction\",\"target\":{\"@type\":\"EntryPoint\",\"urlTemplate\":\"https:\\\/\\\/museumoftaste.si\\\/?s={search_term_string}\"},\"query-input\":{\"@type\":\"PropertyValueSpecification\",\"valueRequired\":true,\"valueName\":\"search_term_string\"}}],\"inLanguage\":\"en-US\"},{\"@type\":\"Organization\",\"@id\":\"https:\\\/\\\/museumoftaste.si\\\/#organization\",\"name\":\"Muzej okusov\",\"url\":\"https:\\\/\\\/museumoftaste.si\\\/\",\"logo\":{\"@type\":\"ImageObject\",\"inLanguage\":\"en-US\",\"@id\":\"https:\\\/\\\/museumoftaste.si\\\/#\\\/schema\\\/logo\\\/image\\\/\",\"url\":\"https:\\\/\\\/museumoftaste.si\\\/wp-content\\\/uploads\\\/2020\\\/09\\\/Group-13.svg\",\"contentUrl\":\"https:\\\/\\\/museumoftaste.si\\\/wp-content\\\/uploads\\\/2020\\\/09\\\/Group-13.svg\",\"width\":250,\"height\":37,\"caption\":\"Muzej okusov\"},\"image\":{\"@id\":\"https:\\\/\\\/museumoftaste.si\\\/#\\\/schema\\\/logo\\\/image\\\/\"}}]}<\/script>\n<!-- \/ Yoast SEO plugin. -->","yoast_head_json":{"title":"O projektu &#8211; Muzej okusov","robots":{"index":"index","follow":"follow","max-snippet":"max-snippet:-1","max-image-preview":"max-image-preview:large","max-video-preview":"max-video-preview:-1"},"canonical":"https:\/\/museumoftaste.si\/en\/o-projektu\/","og_locale":"en_US","og_type":"article","og_title":"O projektu &#8211; Muzej okusov","og_description":"O projektu Pokrajinski muzej Maribor v virtualnem Muzeju okusov s pomo\u010djo razstavljenih fotografij osebnih predmetov in prilo\u017eenih sestavkov o njih predstavlja razvoj, razse\u017enosti in pomen okusa pri oblikovanju posameznikove in dru\u017ebene zgodovine. Z opazovanjem predmetov in dojemanjem pomenov za njihove lastnike se \u0161irijo pogledi na pretekla obdobja in nas vabijo k razmi\u0161ljanju o tem, kaj [&hellip;]","og_url":"https:\/\/museumoftaste.si\/en\/o-projektu\/","og_site_name":"Muzej okusov","article_modified_time":"2026-01-20T12:03:45+00:00","og_image":[{"width":999,"height":777,"url":"https:\/\/museumoftaste.si\/wp-content\/uploads\/2024\/05\/Golden-Tongue.D03-1-1-1-e1716329633761.png","type":"image\/png"}],"twitter_card":"summary_large_image","twitter_misc":{"Est. reading time":"3 minutes"},"schema":{"@context":"https:\/\/schema.org","@graph":[{"@type":"WebPage","@id":"https:\/\/museumoftaste.si\/o-projektu\/","url":"https:\/\/museumoftaste.si\/o-projektu\/","name":"O projektu &#8211; Muzej okusov","isPartOf":{"@id":"https:\/\/museumoftaste.si\/#website"},"primaryImageOfPage":{"@id":"https:\/\/museumoftaste.si\/o-projektu\/#primaryimage"},"image":{"@id":"https:\/\/museumoftaste.si\/o-projektu\/#primaryimage"},"thumbnailUrl":"https:\/\/museumoftaste.si\/wp-content\/uploads\/2024\/05\/Golden-Tongue.D03-1-1-1-e1716329633761.png","datePublished":"2024-05-21T22:01:53+00:00","dateModified":"2026-01-20T12:03:45+00:00","breadcrumb":{"@id":"https:\/\/museumoftaste.si\/o-projektu\/#breadcrumb"},"inLanguage":"en-US","potentialAction":[{"@type":"ReadAction","target":["https:\/\/museumoftaste.si\/o-projektu\/"]}]},{"@type":"ImageObject","inLanguage":"en-US","@id":"https:\/\/museumoftaste.si\/o-projektu\/#primaryimage","url":"https:\/\/museumoftaste.si\/wp-content\/uploads\/2024\/05\/Golden-Tongue.D03-1-1-1-e1716329633761.png","contentUrl":"https:\/\/museumoftaste.si\/wp-content\/uploads\/2024\/05\/Golden-Tongue.D03-1-1-1-e1716329633761.png"},{"@type":"BreadcrumbList","@id":"https:\/\/museumoftaste.si\/o-projektu\/#breadcrumb","itemListElement":[{"@type":"ListItem","position":1,"name":"Domov","item":"https:\/\/museumoftaste.si\/"},{"@type":"ListItem","position":2,"name":"O projektu"}]},{"@type":"WebSite","@id":"https:\/\/museumoftaste.si\/#website","url":"https:\/\/museumoftaste.si\/","name":"Museum of Taste","description":"","publisher":{"@id":"https:\/\/museumoftaste.si\/#organization"},"potentialAction":[{"@type":"SearchAction","target":{"@type":"EntryPoint","urlTemplate":"https:\/\/museumoftaste.si\/?s={search_term_string}"},"query-input":{"@type":"PropertyValueSpecification","valueRequired":true,"valueName":"search_term_string"}}],"inLanguage":"en-US"},{"@type":"Organization","@id":"https:\/\/museumoftaste.si\/#organization","name":"Museum of Taste","url":"https:\/\/museumoftaste.si\/","logo":{"@type":"ImageObject","inLanguage":"en-US","@id":"https:\/\/museumoftaste.si\/#\/schema\/logo\/image\/","url":"https:\/\/museumoftaste.si\/wp-content\/uploads\/2020\/09\/Group-13.svg","contentUrl":"https:\/\/museumoftaste.si\/wp-content\/uploads\/2020\/09\/Group-13.svg","width":250,"height":37,"caption":"Muzej okusov"},"image":{"@id":"https:\/\/museumoftaste.si\/#\/schema\/logo\/image\/"}}]}},"_links":{"self":[{"href":"https:\/\/museumoftaste.si\/en\/wp-json\/wp\/v2\/pages\/5069","targetHints":{"allow":["GET"]}}],"collection":[{"href":"https:\/\/museumoftaste.si\/en\/wp-json\/wp\/v2\/pages"}],"about":[{"href":"https:\/\/museumoftaste.si\/en\/wp-json\/wp\/v2\/types\/page"}],"author":[{"embeddable":true,"href":"https:\/\/museumoftaste.si\/en\/wp-json\/wp\/v2\/users\/15"}],"replies":[{"embeddable":true,"href":"https:\/\/museumoftaste.si\/en\/wp-json\/wp\/v2\/comments?post=5069"}],"version-history":[{"count":0,"href":"https:\/\/museumoftaste.si\/en\/wp-json\/wp\/v2\/pages\/5069\/revisions"}],"wp:attachment":[{"href":"https:\/\/museumoftaste.si\/en\/wp-json\/wp\/v2\/media?parent=5069"}],"curies":[{"name":"wp","href":"https:\/\/api.w.org\/{rel}","templated":true}]}}